{"id":1007,"date":"2025-11-24T17:01:15","date_gmt":"2025-11-24T16:01:15","guid":{"rendered":"https:\/\/atelierlakota.com\/datenschutzrichtlinie\/"},"modified":"2025-12-17T17:13:12","modified_gmt":"2025-12-17T16:13:12","slug":"datenschutzrichtlinie","status":"publish","type":"page","link":"https:\/\/atelierlakota.com\/de\/datenschutzrichtlinie\/","title":{"rendered":"Datenschutzrichtlinie"},"content":{"rendered":"\t\t<div data-elementor-type=\"wp-page\" data-elementor-id=\"1007\" class=\"elementor elementor-1007 elementor-12\" data-elementor-post-type=\"page\">\n\t\t\t\t<div class=\"elementor-element elementor-element-2d5e15f6 e-flex e-con-boxed e-con e-parent\" data-id=\"2d5e15f6\" data-element_type=\"container\" data-e-type=\"container\">\n\t\t\t\t\t<div class=\"e-con-inner\">\n\t\t\t\t<div class=\"elementor-element elementor-element-03769fd elementor-widget elementor-widget-heading\" data-id=\"03769fd\" data-element_type=\"widget\" data-e-type=\"widget\" data-widget_type=\"heading.default\">\n\t\t\t\t\t<h2 class=\"elementor-heading-title elementor-size-default\">Datenschutzrichtlinie<\/h2>\t\t\t\t<\/div>\n\t\t\t\t<div class=\"elementor-element elementor-element-46d44cc4 elementor-widget-tablet__width-inherit elementor-invisible elementor-widget elementor-widget-text-editor\" data-id=\"46d44cc4\" data-element_type=\"widget\" data-e-type=\"widget\" data-settings=\"{&quot;_animation&quot;:&quot;fadeInUp&quot;}\" data-widget_type=\"text-editor.default\">\n\t\t\t\t\t\t\t\t\t<p data-start=\"683\" data-end=\"965\">Diese Datenschutzerkl\u00e4rung gilt f\u00fcr die Website <a class=\"decorated-link\" href=\"https:\/\/atelierlakota.com\/de\/\" target=\"_new\" rel=\"noopener\" data-start=\"734\" data-end=\"788\">https:\/\/atelierlakota.com<\/a>, die Nata\u0161a Lakota geh\u00f6rt. Wir respektieren Ihre Privatsph\u00e4re und verarbeiten personenbezogene Daten in \u00dcbereinstimmung mit den geltenden Gesetzen, einschlie\u00dflich der Datenschutz-Grundverordnung (DSGVO).<\/p><p data-start=\"967\" data-end=\"986\"><strong>Datenverantwortlicher<\/strong><br \/>Natascha Lakota<br data-start=\"1004\" data-end=\"1007\" \/>E-Mail: <a class=\"decorated-link cursor-pointer\" rel=\"noopener\" data-start=\"1015\" data-end=\"1072\">atelierlakota@gmail.com<\/a><br data-start=\"1072\" data-end=\"1075\" \/>Telefon: +385 99 731 7566<\/p><p data-start=\"1102\" data-end=\"1131\"><strong>Welche Daten erfassen wir?<\/strong><\/p><ul><li data-start=\"1134\" data-end=\"1176\">Vor- und Nachname (falls Sie diese im Formular angeben)<\/li><li data-start=\"1179\" data-end=\"1194\">E-Mail-Adresse<\/li><li data-start=\"1197\" data-end=\"1233\">Telefonnummer (falls Sie sie senden)<\/li><li data-start=\"1236\" data-end=\"1297\">IP-Adresse und Website-Nutzungsdaten (\u00fcber Cookies)<br \/><br \/><\/li><\/ul><p data-start=\"1299\" data-end=\"1316\"><strong>Zweck der Verarbeitung:<\/strong><\/p><ul><li data-start=\"1319\" data-end=\"1365\">Beantwortung von Anfragen und Kontaktaufnahme \u00fcber das Formular<\/li><li data-start=\"1368\" data-end=\"1406\">Informationen zu Verf\u00fcgbarkeit und Aufenthalt<\/li><li data-start=\"1409\" data-end=\"1488\">Interne Analysen und Verkehrsstatistiken (mittels Tools wie Google Analytics)<br \/><br \/><\/li><\/ul><p data-start=\"1490\" data-end=\"1513\"><strong>Datenaustausch<\/strong><\/p><p data-start=\"1514\" data-end=\"1695\">Wir geben Ihre Daten nicht an Dritte weiter, au\u00dfer an vertrauensw\u00fcrdige Partner (z. B. Webhosting-Anbieter) und ausschlie\u00dflich zum Zweck der technischen Wartung der Website. Ihre Daten werden nicht au\u00dferhalb der EU \u00fcbermittelt.<\/p><p data-start=\"1697\" data-end=\"1727\"><strong>Wie lange speichern wir Daten?<\/strong><\/p><p data-start=\"1728\" data-end=\"1807\">Die Daten werden maximal 12 Monate lang aufbewahrt, sofern gesetzlich keine l\u00e4ngere Aufbewahrungsfrist vorgeschrieben ist.<\/p><p data-start=\"1809\" data-end=\"1824\"><strong>Ihre Rechte:<\/strong><\/p><p data-start=\"1825\" data-end=\"1837\">Sie haben das Recht auf:<\/p><ul><li data-start=\"1840\" data-end=\"1898\">Sie k\u00f6nnen Auskunft, Berichtigung oder L\u00f6schung Ihrer Daten beantragen.<\/li><li data-start=\"1901\" data-end=\"1929\">Widerspruch gegen die Verarbeitung einlegen<\/li><li data-start=\"1932\" data-end=\"1961\">Datentransfer anfordern<\/li><li data-start=\"1964\" data-end=\"2006\">eine Beschwerde bei der Aufsichtsbeh\u00f6rde (AZOP) einreichen<br \/><br \/><\/li><\/ul><p data-start=\"2008\" data-end=\"2128\">Um Ihre Rechte auszu\u00fcben, kontaktieren Sie uns per E-Mail: <a class=\"decorated-link cursor-pointer\" rel=\"noopener\" data-start=\"2071\" data-end=\"2128\">atelierlakota@gmail.com<\/a><\/p><p data-start=\"2222\" data-end=\"2251\"><strong data-start=\"2222\" data-end=\"2251\">Cookies (Cookie-Richtlinie)<\/strong><\/p><p data-start=\"2253\" data-end=\"2355\">Diese Website verwendet Cookies, um die Benutzerfreundlichkeit zu verbessern und Besucherstatistiken zu erfassen.<\/p><p data-start=\"2357\" data-end=\"2377\"><strong>Was sind Cookies?<\/strong><\/p><p data-start=\"2378\" data-end=\"2572\">Cookies sind kleine Textdateien, die eine Website auf Ihrem Ger\u00e4t speichert. Sie dienen dazu, die ordnungsgem\u00e4\u00dfe Funktion der Website zu gew\u00e4hrleisten und anonyme Informationen \u00fcber deren Nutzung zu sammeln.<\/p><p data-start=\"2574\" data-end=\"2602\"><strong>Welche Cookies verwenden wir?<\/strong><\/p><ul><li data-start=\"2605\" data-end=\"2675\"><strong data-start=\"2605\" data-end=\"2627\">Notwendige Cookies<\/strong> \u2013 f\u00fcr die grundlegende Funktionalit\u00e4t der Website erforderlich<\/li><li data-start=\"2678\" data-end=\"2766\"><strong data-start=\"2678\" data-end=\"2702\">Statistische Cookies<\/strong> \u2013 Wir verwenden Google Analytics zur (anonymen) Analyse des Datenverkehrs.<br \/><br \/><\/li><\/ul><p data-start=\"2768\" data-end=\"2794\"><strong>Cookie-Verwaltung<\/strong><\/p><p data-start=\"2795\" data-end=\"2928\">Sie k\u00f6nnen Cookies \u00fcber Ihre Browsereinstellungen deaktivieren oder l\u00f6schen. Die Deaktivierung von Cookies kann die Funktionalit\u00e4t der Website beeintr\u00e4chtigen.<\/p>\t\t\t\t\t\t\t\t<\/div>\n\t\t\t\t\t<\/div>\n\t\t\t\t<\/div>\n\t\t\t\t<\/div>\n\t\t","protected":false},"excerpt":{"rendered":"<p>Diese Datenschutzerkl\u00e4rung gilt f\u00fcr die Website https:\/\/atelierlakota.com, die Nata\u0161a Lakota geh\u00f6rt. Wir respektieren Ihre Privatsph\u00e4re und verarbeiten personenbezogene Daten in \u00dcbereinstimmung mit den geltenden Gesetzen, einschlie\u00dflich der Datenschutz-Grundverordnung (DSGVO). DatenverantwortlicherNatascha LakotaE-Mail: atelierlakota@gmail.comTelefon: +385 99 731 7566 Welche Daten erfassen wir? Vor- und Nachname (falls Sie diese im Formular angeben) E-Mail-Adresse Telefonnummer (falls Sie sie senden) [&hellip;]<\/p>\n","protected":false},"author":1,"featured_media":0,"parent":0,"menu_order":0,"comment_status":"closed","ping_status":"closed","template":"elementor_header_footer","meta":{"inline_featured_image":false,"footnotes":""},"class_list":["post-1007","page","type-page","status-publish","hentry"],"_links":{"self":[{"href":"https:\/\/atelierlakota.com\/de\/wp-json\/wp\/v2\/pages\/1007","targetHints":{"allow":["GET"]}}],"collection":[{"href":"https:\/\/atelierlakota.com\/de\/wp-json\/wp\/v2\/pages"}],"about":[{"href":"https:\/\/atelierlakota.com\/de\/wp-json\/wp\/v2\/types\/page"}],"author":[{"embeddable":true,"href":"https:\/\/atelierlakota.com\/de\/wp-json\/wp\/v2\/users\/1"}],"replies":[{"embeddable":true,"href":"https:\/\/atelierlakota.com\/de\/wp-json\/wp\/v2\/comments?post=1007"}],"version-history":[{"count":4,"href":"https:\/\/atelierlakota.com\/de\/wp-json\/wp\/v2\/pages\/1007\/revisions"}],"predecessor-version":[{"id":1051,"href":"https:\/\/atelierlakota.com\/de\/wp-json\/wp\/v2\/pages\/1007\/revisions\/1051"}],"wp:attachment":[{"href":"https:\/\/atelierlakota.com\/de\/wp-json\/wp\/v2\/media?parent=1007"}],"curies":[{"name":"wp","href":"https:\/\/api.w.org\/{rel}","templated":true}]}}